{"id":1251,"date":"2019-01-22T20:49:16","date_gmt":"2019-01-22T19:49:16","guid":{"rendered":"http:\/\/castelldeconcabella.cat\/centros-de-interpretacion\/centre-dinterpretacio-dels-secans-de-lleida\/"},"modified":"2023-05-03T09:03:48","modified_gmt":"2023-05-03T08:03:48","slug":"centre-dinterpretacio-dels-secans-de-lleida","status":"publish","type":"page","link":"https:\/\/castelldeconcabella.cat\/es\/centros-de-interpretacion\/centre-dinterpretacio-dels-secans-de-lleida\/","title":{"rendered":"Centre d\u2019interpretaci\u00f3 dels Secans de Lleida"},"content":{"rendered":"<p>[et_pb_section bb_built=&#8221;1&#8243; fullwidth=&#8221;on&#8221; _builder_version=&#8221;3.18.2&#8243; next_background_color=&#8221;#000000&#8243;][et_pb_fullwidth_header title=&#8221;Centre d\u2019interpretaci\u00f3 dels Secans de Lleida&#8221; _builder_version=&#8221;3.18.2&#8243; background_color=&#8221;#e3a721&#8243; hover_enabled=&#8221;0&#8243; title_font=&#8221;||||||||&#8221; title_font_size_last_edited=&#8221;on|desktop&#8221; title_font_size_tablet=&#8221;24px&#8221; custom_padding=&#8221;20px||20px&#8221; custom_padding_last_edited=&#8221;on|desktop&#8221; custom_padding_tablet=&#8221;0px||0px&#8221;]<\/p>\n<p>El Centre d\u2019Interpretaci\u00f3 dels Secans de Lleida, en el Castell de Concabella, nos permite descubrir el particular paisaje est\u00e9pico de les tierras de Ponent, con una fauna y una flora sorprendentes, \u00fanicas y extraordinariamente fr\u00e1giles, actualmente en una fuerte regresi\u00f3n.<\/p>\n<p>[\/et_pb_fullwidth_header][\/et_pb_section][et_pb_section bb_built=&#8221;1&#8243; _builder_version=&#8221;3.18.2&#8243; prev_background_color=&#8221;#000000&#8243; next_background_color=&#8221;#000000&#8243;][et_pb_row background_color_2=&#8221;rgba(237,233,219,0.5)&#8221; padding_top_2=&#8221;20px&#8221; padding_right_2=&#8221;20px&#8221; padding_bottom_2=&#8221;20px&#8221; padding_left_2=&#8221;20px&#8221; _builder_version=&#8221;3.18.2&#8243;][et_pb_column type=&#8221;1_2&#8243;][et_pb_text _builder_version=&#8221;3.18.2&#8243; text_font=&#8221;||||||||&#8221;]<\/p>\n<p>El <strong>Centre d\u2019Interpretaci\u00f3 dels Secans de Lleida<\/strong>, en el Castell de Concabella, nos permite descubrir el particular paisaje est\u00e9pico de les tierras de Ponent, con una fauna y una flora sorprendentes, \u00fanicas y extraordinariamente fr\u00e1giles, actualmente en una fuerte regresi\u00f3n.<\/p>\n<p>Conoceremos qu\u00e9 amenazas y oportunidades tenemos delante de este patrimonio natural y como podemos vivirlo con todos los sentidos recorri\u00e9ndolo a trav\u00e9s de diferentes itinerarios.<\/p>\n<p>Los secanos de Lleida forman parte de la gran plana de las tierras de Lleida, de baja altitud i l\u00edneas horizontales, donde se pierde la vista entre la tierra y el cielo. Su clima es de escasas lluvias y con un fuerte contraste entre el fr\u00edo y la niebla del invierno y los veranos, secos y calurosos, por eso se las conoce como tierras de secano.<\/p>\n<p>[\/et_pb_text][et_pb_button button_url=&#8221;http:\/\/castelldeconcabella.cat\/wp-content\/uploads\/2019\/01\/secans_lleida.pdf&#8221; url_new_window=&#8221;on&#8221; button_text=&#8221;Descargar folleto&#8221; _builder_version=&#8221;3.19.14&#8243; custom_button=&#8221;on&#8221; button_border_color=&#8221;#dad3b7&#8243; button_icon=&#8221;%%208%%&#8221; locked=&#8221;off&#8221;]<\/p>\n<p>[\/et_pb_button][\/et_pb_column][et_pb_column type=&#8221;1_2&#8243;][et_pb_text _builder_version=&#8221;3.20.2&#8243;]<\/p>\n<p><span style=\"color: #e3a721;\"><strong>Informaci\u00f3 general<\/strong><\/span><br \/>Visites, tallers i activitats educatives cada dia de la setmana amb pr\u00e8via concertaci\u00f3.<\/p>\n<p><span style=\"color: #e3a721;\"><strong>Horari<\/strong><\/span><br \/>Dissabtes, diumenges i festius de de 10:00 a 14:00 hores<\/p>\n<p><span style=\"color: #e3a721;\"><strong>Castell de Concabella<\/strong><\/span><br \/>C\/de la Font s\/n Tel. +34 973 554 151<br \/>www.castelldeconcabella.cat<br \/><a class=\"moz-txt-link-abbreviated\" href=\"mailto:info@castelldeconcabella.cat\">info@castelldeconcabella.cat<\/a><\/p>\n<p>[\/et_pb_text][\/et_pb_column][\/et_pb_row][\/et_pb_section][et_pb_section bb_built=&#8221;1&#8243; _builder_version=&#8221;3.18.2&#8243; prev_background_color=&#8221;#000000&#8243; next_background_color=&#8221;#e86434&#8243;][et_pb_row _builder_version=&#8221;3.18.2&#8243;][et_pb_column type=&#8221;4_4&#8243;][et_pb_gallery gallery_ids=&#8221;749,747,745,743&#8243; hover_overlay_color=&#8221;rgba(237,233,219,0.7)&#8221; _builder_version=&#8221;3.19.18&#8243; show_title_and_caption=&#8221;off&#8221; show_pagination=&#8221;off&#8221;]<\/p>\n<p>[\/et_pb_gallery][\/et_pb_column][\/et_pb_row][\/et_pb_section][et_pb_section bb_built=&#8221;1&#8243; admin_label=&#8221;CAT-CTA-secci\u00f3n&#8221; prev_background_color=&#8221;#ffffff&#8221; _builder_version=&#8221;3.18.2&#8243; background_color=&#8221;#e86434&#8243; top_divider_style=&#8221;wave2&#8243; saved_tabs=&#8221;all&#8221; locked=&#8221;off&#8221;][et_pb_row custom_padding=&#8221;20px|||&#8221; padding_top_1=&#8221;20px&#8221; _builder_version=&#8221;3.18.2&#8243;][et_pb_column type=&#8221;4_4&#8243;][et_pb_cta title=&#8221;Castell de Concabella&#8221; button_url=&#8221;https:\/\/castelldeconcabella.cat\/es\/contacto\/&#8221; button_text=&#8221;\u00a1Reserva una visita!&#8221; _builder_version=&#8221;3.19.14&#8243; header_font_size=&#8221;32&#8243; body_font_size=&#8221;16&#8243; use_background_color=&#8221;off&#8221; custom_button=&#8221;on&#8221; button_icon=&#8221;%%202%%&#8221; button_on_hover=&#8221;off&#8221; link_option_url=&#8221;https:\/\/castelldeconcabella.cat\/es\/contacto\/&#8221;]<\/p>\n<p>una puerta para descubrir la Segarra<\/p>\n<p>[\/et_pb_cta][\/et_pb_column][\/et_pb_row][\/et_pb_section]<\/p>\n","protected":false},"excerpt":{"rendered":"<p>El Centre d\u2019Interpretaci\u00f3 dels Secans de Lleida, en el Castell de Concabella, nos permite descubrir el particular paisaje est\u00e9pico de les tierras de Ponent, con una fauna y una flora sorprendentes, \u00fanicas y extraordinariamente fr\u00e1giles, actualmente en una fuerte regresi\u00f3n. El Centre d\u2019Interpretaci\u00f3 dels Secans de Lleida, en el Castell de Concabella, nos permite descubrir [&hellip;]<\/p>\n","protected":false},"author":1,"featured_media":0,"parent":2284,"menu_order":2,"comment_status":"closed","ping_status":"closed","template":"","meta":{"_et_pb_use_builder":"on","_et_pb_old_content":"","_et_gb_content_width":"","footnotes":""},"_links":{"self":[{"href":"https:\/\/castelldeconcabella.cat\/es\/wp-json\/wp\/v2\/pages\/1251"}],"collection":[{"href":"https:\/\/castelldeconcabella.cat\/es\/wp-json\/wp\/v2\/pages"}],"about":[{"href":"https:\/\/castelldeconcabella.cat\/es\/wp-json\/wp\/v2\/types\/page"}],"author":[{"embeddable":true,"href":"https:\/\/castelldeconcabella.cat\/es\/wp-json\/wp\/v2\/users\/1"}],"replies":[{"embeddable":true,"href":"https:\/\/castelldeconcabella.cat\/es\/wp-json\/wp\/v2\/comments?post=1251"}],"version-history":[{"count":7,"href":"https:\/\/castelldeconcabella.cat\/es\/wp-json\/wp\/v2\/pages\/1251\/revisions"}],"predecessor-version":[{"id":3573,"href":"https:\/\/castelldeconcabella.cat\/es\/wp-json\/wp\/v2\/pages\/1251\/revisions\/3573"}],"up":[{"embeddable":true,"href":"https:\/\/castelldeconcabella.cat\/es\/wp-json\/wp\/v2\/pages\/2284"}],"wp:attachment":[{"href":"https:\/\/castelldeconcabella.cat\/es\/wp-json\/wp\/v2\/media?parent=1251"}],"curies":[{"name":"wp","href":"https:\/\/api.w.org\/{rel}","templated":true}]}}