{"id":1334,"date":"2019-01-22T22:49:56","date_gmt":"2019-01-22T21:49:56","guid":{"rendered":"http:\/\/castelldeconcabella.cat\/servicios\/visitas\/"},"modified":"2023-05-03T09:03:48","modified_gmt":"2023-05-03T08:03:48","slug":"visitas","status":"publish","type":"page","link":"https:\/\/castelldeconcabella.cat\/es\/servicios\/visitas\/","title":{"rendered":"Visitas"},"content":{"rendered":"<p>[et_pb_section bb_built=&#8221;1&#8243; fullwidth=&#8221;on&#8221; _builder_version=&#8221;3.18.2&#8243; next_background_color=&#8221;#000000&#8243;][et_pb_fullwidth_header title=&#8221;Servicios \/ Visitas&#8221; _builder_version=&#8221;3.18.2&#8243; title_font=&#8221;||||||||&#8221; title_text_color=&#8221;#e86434&#8243; title_font_size_tablet=&#8221;24px&#8221; title_font_size_last_edited=&#8221;on|phone&#8221; background_color=&#8221;#ede9db&#8221; custom_margin_tablet=&#8221;||&#8221; custom_margin_last_edited=&#8221;on|desktop&#8221; custom_padding=&#8221;20px||20px&#8221; custom_padding_tablet=&#8221;0px||0px&#8221; custom_padding_phone=&#8221;0px||0px&#8221; custom_padding_last_edited=&#8221;on|phone&#8221;]<\/p>\n<p>[\/et_pb_fullwidth_header][\/et_pb_section][et_pb_section bb_built=&#8221;1&#8243; _builder_version=&#8221;3.18.2&#8243; prev_background_color=&#8221;#000000&#8243; next_background_color=&#8221;#000000&#8243;][et_pb_row background_color_2=&#8221;rgba(237,233,219,0.5)&#8221; padding_top_2=&#8221;20px&#8221; padding_right_2=&#8221;20px&#8221; padding_bottom_2=&#8221;20px&#8221; padding_left_2=&#8221;20px&#8221; _builder_version=&#8221;3.18.2&#8243;][et_pb_column type=&#8221;1_3&#8243;][et_pb_text _builder_version=&#8221;3.18.2&#8243; text_font=&#8221;||||||||&#8221;]<\/p>\n<p>El Castell de Concabella cuenta con un servicio de informaci\u00f3n y atenci\u00f3n tur\u00edstica abierto cada fin de semana y los d\u00edas festivos, de 10 a 14 horas, para visitar el castillo. Con reserva previa tambi\u00e9n se hacen visitas guiadas para grupos durante toda la semana.<\/p>\n<p>[\/et_pb_text][et_pb_button button_url=&#8221;https:\/\/castelldeconcabella.cat\/es\/el-castillo\/horario-de-atencion\/&#8221; button_text=&#8221;Horario de atenci\u00f3n&#8221; _builder_version=&#8221;3.18.2&#8243; custom_button=&#8221;on&#8221; button_border_color=&#8221;#dad3b7&#8243; button_font=&#8221;||||||||&#8221; button_icon=&#8221;%%24%%&#8221; locked=&#8221;off&#8221;]<\/p>\n<p>[\/et_pb_button][et_pb_text _builder_version=&#8221;3.19.18&#8243;]<\/p>\n<p>Responde nuestras encuestas:<\/p>\n<p>\u00bb\u00a0<a href=\"https:\/\/docs.google.com\/forms\/d\/e\/1FAIpQLSfmo5C7CwpYy0BMWJl9lmFMWw0FOMDBJxoddGPxDkGplspvcg\/viewform\" target=\"_blank\" rel=\"noopener noreferrer\">Encuesta de valoraci\u00f3n eduCASTELL<\/a><\/p>\n<p>\u00bb <a href=\"https:\/\/docs.google.com\/forms\/d\/e\/1FAIpQLSecySg7po5iAsNWjkClQSKE0yoCP21S9WxPfPZIYMvYoNcg6Q\/viewform\" target=\"_blank\" rel=\"noopener noreferrer\">Encuesta para grupos<\/a><\/p>\n<p>\u00bb <a href=\"https:\/\/docs.google.com\/forms\/d\/e\/1FAIpQLSceNK5LVVCUQ5QmXHmkB_0sxC0DghXuiqB7KD22dvrW0v-41w\/viewform\" target=\"_blank\" rel=\"noopener\">Encuesta individual<\/a><\/p>\n<p>[\/et_pb_text][\/et_pb_column][et_pb_column type=&#8221;2_3&#8243;][et_pb_gallery gallery_ids=&#8221;685,741,731,721&#8243; hover_overlay_color=&#8221;rgba(237,233,219,0.7)&#8221; _builder_version=&#8221;3.18.2&#8243;]<\/p>\n<p>[\/et_pb_gallery][\/et_pb_column][\/et_pb_row][\/et_pb_section][et_pb_section bb_built=&#8221;1&#8243; admin_label=&#8221;CAT-Actividades-secci\u00f3n&#8221; _builder_version=&#8221;3.19.14&#8243; saved_tabs=&#8221;all&#8221; custom_margin=&#8221;0px||&#8221; custom_padding=&#8221;0px||&#8221; prev_background_color=&#8221;#000000&#8243; next_background_color=&#8221;#e86434&#8243;][et_pb_row _builder_version=&#8221;3.19.14&#8243;][et_pb_column type=&#8221;4_4&#8243;][et_pb_text _builder_version=&#8221;3.19.14&#8243; text_font=&#8221;Montserrat|700|||||||&#8221; text_text_color=&#8221;#62938f&#8221; text_font_size=&#8221;24px&#8221;]<\/p>\n<p>Actividades<\/p>\n<p>[\/et_pb_text][et_pb_divider _builder_version=&#8221;3.17.6&#8243; \/][\/et_pb_column][\/et_pb_row][et_pb_row _builder_version=&#8221;3.18.2&#8243;][et_pb_column type=&#8221;4_4&#8243;][et_pb_portfolio fullwidth=&#8221;off&#8221; posts_number=&#8221;4&#8243; include_categories=&#8221;17&#8243; show_categories=&#8221;off&#8221; show_pagination=&#8221;off&#8221; hover_overlay_color=&#8221;rgba(237,233,219,0.7)&#8221; _builder_version=&#8221;3.19.14&#8243; locked=&#8221;off&#8221; \/][\/et_pb_column][\/et_pb_row][\/et_pb_section][et_pb_section bb_built=&#8221;1&#8243; admin_label=&#8221;CAT-CTA-secci\u00f3n&#8221; prev_background_color=&#8221;#ffffff&#8221; _builder_version=&#8221;3.18.2&#8243; background_color=&#8221;#e86434&#8243; top_divider_style=&#8221;wave2&#8243; saved_tabs=&#8221;all&#8221;][et_pb_row custom_padding=&#8221;20px|||&#8221; padding_top_1=&#8221;20px&#8221; _builder_version=&#8221;3.18.2&#8243;][et_pb_column type=&#8221;4_4&#8243;][et_pb_cta title=&#8221;Castell de Concabella&#8221; button_url=&#8221;https:\/\/castelldeconcabella.cat\/es\/contacto\/&#8221; button_text=&#8221;\u00a1Reserva una visita!&#8221; _builder_version=&#8221;3.19.14&#8243; header_font_size=&#8221;32&#8243; body_font_size=&#8221;16&#8243; use_background_color=&#8221;off&#8221; custom_button=&#8221;on&#8221; button_icon=&#8221;%%202%%&#8221; button_on_hover=&#8221;off&#8221; link_option_url=&#8221;https:\/\/castelldeconcabella.cat\/es\/contacto\/&#8221;]<\/p>\n<p>una puerta para descubrir la Segarra<\/p>\n<p>[\/et_pb_cta][\/et_pb_column][\/et_pb_row][\/et_pb_section]<\/p>\n","protected":false},"excerpt":{"rendered":"<p>El Castell de Concabella cuenta con un servicio de informaci\u00f3n y atenci\u00f3n tur\u00edstica abierto cada fin de semana y los d\u00edas festivos, de 10 a 14 horas, para visitar el castillo. Con reserva previa tambi\u00e9n se hacen visitas guiadas para grupos durante toda la semana. Responde nuestras encuestas: \u00bb\u00a0Encuesta de valoraci\u00f3n eduCASTELL \u00bb Encuesta para [&hellip;]<\/p>\n","protected":false},"author":1,"featured_media":0,"parent":1329,"menu_order":1,"comment_status":"closed","ping_status":"closed","template":"","meta":{"_et_pb_use_builder":"on","_et_pb_old_content":"<!-- wp:divi\/placeholder \/-->","_et_gb_content_width":"","footnotes":""},"_links":{"self":[{"href":"https:\/\/castelldeconcabella.cat\/es\/wp-json\/wp\/v2\/pages\/1334"}],"collection":[{"href":"https:\/\/castelldeconcabella.cat\/es\/wp-json\/wp\/v2\/pages"}],"about":[{"href":"https:\/\/castelldeconcabella.cat\/es\/wp-json\/wp\/v2\/types\/page"}],"author":[{"embeddable":true,"href":"https:\/\/castelldeconcabella.cat\/es\/wp-json\/wp\/v2\/users\/1"}],"replies":[{"embeddable":true,"href":"https:\/\/castelldeconcabella.cat\/es\/wp-json\/wp\/v2\/comments?post=1334"}],"version-history":[{"count":14,"href":"https:\/\/castelldeconcabella.cat\/es\/wp-json\/wp\/v2\/pages\/1334\/revisions"}],"predecessor-version":[{"id":3577,"href":"https:\/\/castelldeconcabella.cat\/es\/wp-json\/wp\/v2\/pages\/1334\/revisions\/3577"}],"up":[{"embeddable":true,"href":"https:\/\/castelldeconcabella.cat\/es\/wp-json\/wp\/v2\/pages\/1329"}],"wp:attachment":[{"href":"https:\/\/castelldeconcabella.cat\/es\/wp-json\/wp\/v2\/media?parent=1334"}],"curies":[{"name":"wp","href":"https:\/\/api.w.org\/{rel}","templated":true}]}}