{"id":1476,"date":"2019-02-12T12:21:39","date_gmt":"2019-02-12T11:21:39","guid":{"rendered":"http:\/\/castelldeconcabella.cat\/escuelas\/"},"modified":"2025-09-24T21:40:11","modified_gmt":"2025-09-24T20:40:11","slug":"escuelas","status":"publish","type":"page","link":"https:\/\/castelldeconcabella.cat\/es\/escuelas\/","title":{"rendered":"Escuelas"},"content":{"rendered":"<p>[et_pb_section fb_built=&#8221;1&#8243; fullwidth=&#8221;on&#8221; _builder_version=&#8221;4.16&#8243; global_colors_info=&#8221;{}&#8221;][et_pb_fullwidth_header title=&#8221;Para escuelas&#8221; _builder_version=&#8221;4.16&#8243; background_color=&#8221;#ede9db&#8221; background_layout=&#8221;light&#8221; custom_padding=&#8221;20px||20px&#8221; custom_padding_tablet=&#8221;0px||0px&#8221; custom_padding_phone=&#8221;&#8221; custom_padding_last_edited=&#8221;on|desktop&#8221; title_font_size_tablet=&#8221;24px&#8221; title_font_size_phone=&#8221;&#8221; title_font_size_last_edited=&#8221;on|desktop&#8221; global_colors_info=&#8221;{}&#8221;][\/et_pb_fullwidth_header][\/et_pb_section][et_pb_section fb_built=&#8221;1&#8243; _builder_version=&#8221;4.16&#8243; global_colors_info=&#8221;{}&#8221;][et_pb_row column_structure=&#8221;1_2,1_2&#8243; _builder_version=&#8221;4.16&#8243; global_colors_info=&#8221;{}&#8221;][et_pb_column type=&#8221;1_2&#8243; _builder_version=&#8221;4.16&#8243; custom_padding=&#8221;|||&#8221; global_colors_info=&#8221;{}&#8221; custom_padding__hover=&#8221;|||&#8221;][et_pb_text _builder_version=&#8221;4.25.0&#8243; global_colors_info=&#8221;{}&#8221;]<\/p>\n<p>El <strong>Castell de Concabella<\/strong> ofrece un amplio cat\u00e1logo de <strong>visitas y actividades educativas de descubierta del patrimonio<\/strong>. Son propuestas pensadas para los diferentes niveles educativos, <strong>desde educaci\u00f3n infantil hasta bachillerato<\/strong>, y adaptadas a los intereses y enfoques que quiera darle cada centro. Las visitas y actividades educativas versan alrededor de los tres \u00e1mbitos del patrimonio presentes en el castillo y tienen lugar en <strong>el Centre d&#8217;Interpretaci\u00f3 dels Castells del Si\u00f3, el Centre d&#8217;Interpretaci\u00f3 dels Secans de Lleida y el Espai Pedrolo.<\/strong><\/p>\n<p>[\/et_pb_text][et_pb_button button_url=&#8221;https:\/\/castelldeconcabella.cat\/es\/servicios\/actividades-educativas-y-talleres\/&#8221; button_text=&#8221;\u00a1Actividades educativas y talleres!&#8221; _builder_version=&#8221;4.16&#8243; custom_button=&#8221;on&#8221; button_border_color=&#8221;#dad3b7&#8243; button_icon=&#8221;&#x39;||divi||400&#8243; locked=&#8221;off&#8221; global_colors_info=&#8221;{}&#8221;][\/et_pb_button][\/et_pb_column][et_pb_column type=&#8221;1_2&#8243; _builder_version=&#8221;4.16&#8243; background_color=&#8221;rgba(237,233,219,0.5)&#8221; custom_padding=&#8221;20px|20px|20px|20px&#8221; global_colors_info=&#8221;{}&#8221; custom_padding__hover=&#8221;|||&#8221;][et_pb_text _builder_version=&#8221;4.25.0&#8243; hover_enabled=&#8221;0&#8243; global_colors_info=&#8221;{}&#8221; sticky_enabled=&#8221;0&#8243;]<\/p>\n<p>Para m\u00e1s informaci\u00f3n y reservas:<br \/><a href=\"mailto:info@castelldeconcabella.cat\">info@castelldeconcabella.cat<\/a><\/p>\n<p>Las\u00a0 actividades se tienen que reservar con la m\u00e1xima anticipaci\u00f3n posible.<\/p>\n<p>[\/et_pb_text][\/et_pb_column][\/et_pb_row][\/et_pb_section][et_pb_section fb_built=&#8221;1&#8243; _builder_version=&#8221;4.16&#8243; global_colors_info=&#8221;{}&#8221;][et_pb_row column_structure=&#8221;1_4,1_4,1_4,1_4&#8243; _builder_version=&#8221;4.16&#8243; background_size=&#8221;initial&#8221; background_position=&#8221;top_left&#8221; background_repeat=&#8221;repeat&#8221; global_colors_info=&#8221;{}&#8221;][et_pb_column type=&#8221;1_4&#8243; _builder_version=&#8221;4.16&#8243; custom_padding=&#8221;|||&#8221; global_colors_info=&#8221;{}&#8221; custom_padding__hover=&#8221;|||&#8221;][et_pb_blurb title=&#8221;Centre d\u2019interpretaci\u00f3 dels Castells del Si\u00f3&#8221; url=&#8221;https:\/\/castelldeconcabella.cat\/es\/centros-de-interpretacion\/centre-dinterpretacio-dels-castells-del-sio\/&#8221; image=&#8221;http:\/\/castelldeconcabella.cat\/wp-content\/uploads\/2018\/12\/e-castells002.jpg&#8221; _builder_version=&#8221;4.16&#8243; global_colors_info=&#8221;{}&#8221;][\/et_pb_blurb][\/et_pb_column][et_pb_column type=&#8221;1_4&#8243; _builder_version=&#8221;4.16&#8243; custom_padding=&#8221;|||&#8221; global_colors_info=&#8221;{}&#8221; custom_padding__hover=&#8221;|||&#8221;][et_pb_blurb title=&#8221;Centre d\u2019interpretaci\u00f3 dels Secans de Lleida&#8221; url=&#8221;https:\/\/castelldeconcabella.cat\/es\/centros-de-interpretacion\/centre-dinterpretacio-dels-secans-de-lleida\/&#8221; image=&#8221;http:\/\/castelldeconcabella.cat\/wp-content\/uploads\/2018\/12\/e-secans001-1.jpg&#8221; _builder_version=&#8221;4.16&#8243; global_colors_info=&#8221;{}&#8221;][\/et_pb_blurb][\/et_pb_column][et_pb_column type=&#8221;1_4&#8243; _builder_version=&#8221;4.16&#8243; custom_padding=&#8221;|||&#8221; global_colors_info=&#8221;{}&#8221; custom_padding__hover=&#8221;|||&#8221;][et_pb_blurb title=&#8221;Espai d&apos;exposici\u00f3 permanent Manuel de Pedrolo&#8221; url=&#8221;https:\/\/castelldeconcabella.cat\/es\/centros-de-interpretacion\/espai-pedrolo\/&#8221; image=&#8221;http:\/\/castelldeconcabella.cat\/wp-content\/uploads\/2018\/12\/e-pedrolo001-1.jpg&#8221; _builder_version=&#8221;4.16&#8243; global_colors_info=&#8221;{}&#8221;][\/et_pb_blurb][\/et_pb_column][et_pb_column type=&#8221;1_4&#8243; _builder_version=&#8221;4.16&#8243; custom_padding=&#8221;|||&#8221; global_colors_info=&#8221;{}&#8221; custom_padding__hover=&#8221;|||&#8221;][et_pb_blurb title=&#8221;Fons documental de Manuel de Pedrolo&#8221; url=&#8221;https:\/\/castelldeconcabella.cat\/es\/centros-de-interpretacion\/fons-documental-de-manuel-de-pedrolo\/&#8221; image=&#8221;http:\/\/castelldeconcabella.cat\/wp-content\/uploads\/2018\/12\/e-fonsdoc001-1.jpg&#8221; _builder_version=&#8221;4.16&#8243; global_colors_info=&#8221;{}&#8221;][\/et_pb_blurb][\/et_pb_column][\/et_pb_row][\/et_pb_section][et_pb_section fb_built=&#8221;1&#8243; prev_background_color=&#8221;#ffffff&#8221; admin_label=&#8221;CAT-CTA-secci\u00f3n&#8221; _builder_version=&#8221;3.18.2&#8243; background_color=&#8221;#e86434&#8243; top_divider_style=&#8221;wave2&#8243; global_module=&#8221;929&#8243; saved_tabs=&#8221;all&#8221; locked=&#8221;off&#8221; global_colors_info=&#8221;{}&#8221;][et_pb_row _builder_version=&#8221;4.16&#8243; custom_padding=&#8221;20px|||&#8221; global_colors_info=&#8221;{}&#8221;][et_pb_column type=&#8221;4_4&#8243; _builder_version=&#8221;4.16&#8243; custom_padding=&#8221;20px|||&#8221; global_colors_info=&#8221;{}&#8221; custom_padding__hover=&#8221;|||&#8221;][et_pb_cta title=&#8221;Castell de Concabella&#8221; button_url=&#8221;https:\/\/castelldeconcabella.cat\/es\/contacto\/&#8221; button_text=&#8221;\u00a1Reserva una visita!&#8221; _builder_version=&#8221;4.16&#8243; header_font_size=&#8221;32&#8243; body_font_size=&#8221;16&#8243; use_background_color=&#8221;off&#8221; custom_button=&#8221;on&#8221; button_icon=&#8221;&#xe052;||divi||400&#8243; button_on_hover=&#8221;off&#8221; link_option_url=&#8221;https:\/\/castelldeconcabella.cat\/es\/contacto\/&#8221; global_colors_info=&#8221;{}&#8221;]<\/p>\n<p>una porta per descobrir la Segarra<\/p>\n<p>[\/et_pb_cta][\/et_pb_column][\/et_pb_row][\/et_pb_section]<\/p>\n","protected":false},"excerpt":{"rendered":"<p>El Castell de Concabella ofrece un amplio cat\u00e1logo de visitas y actividades educativas de descubierta del patrimonio. Son propuestas pensadas para los diferentes niveles educativos, desde educaci\u00f3n infantil hasta bachillerato, y adaptadas a los intereses y enfoques que quiera darle cada centro. Las visitas y actividades educativas versan alrededor de los tres \u00e1mbitos del patrimonio [&hellip;]<\/p>\n","protected":false},"author":1,"featured_media":0,"parent":0,"menu_order":0,"comment_status":"closed","ping_status":"closed","template":"","meta":{"_et_pb_use_builder":"on","_et_pb_old_content":"","_et_gb_content_width":"","footnotes":""},"_links":{"self":[{"href":"https:\/\/castelldeconcabella.cat\/es\/wp-json\/wp\/v2\/pages\/1476"}],"collection":[{"href":"https:\/\/castelldeconcabella.cat\/es\/wp-json\/wp\/v2\/pages"}],"about":[{"href":"https:\/\/castelldeconcabella.cat\/es\/wp-json\/wp\/v2\/types\/page"}],"author":[{"embeddable":true,"href":"https:\/\/castelldeconcabella.cat\/es\/wp-json\/wp\/v2\/users\/1"}],"replies":[{"embeddable":true,"href":"https:\/\/castelldeconcabella.cat\/es\/wp-json\/wp\/v2\/comments?post=1476"}],"version-history":[{"count":10,"href":"https:\/\/castelldeconcabella.cat\/es\/wp-json\/wp\/v2\/pages\/1476\/revisions"}],"predecessor-version":[{"id":4773,"href":"https:\/\/castelldeconcabella.cat\/es\/wp-json\/wp\/v2\/pages\/1476\/revisions\/4773"}],"wp:attachment":[{"href":"https:\/\/castelldeconcabella.cat\/es\/wp-json\/wp\/v2\/media?parent=1476"}],"curies":[{"name":"wp","href":"https:\/\/api.w.org\/{rel}","templated":true}]}}